{"id":66,"date":"2016-10-03T14:35:13","date_gmt":"2016-10-03T14:35:13","guid":{"rendered":"http:\/\/amc.mx\/alemania-mexico\/?page_id=66"},"modified":"2017-06-09T21:26:48","modified_gmt":"2017-06-09T21:26:48","slug":"premio-anual-de-investigacion-jose-antonio-alzate-2016","status":"publish","type":"page","link":"https:\/\/amc.mx\/alemania-mexico\/premio-anual-de-investigacion-jose-antonio-alzate-2016\/","title":{"rendered":"PREMIO ANUAL DE INVESTIGACI\u00d3N JOS\u00c9 ANTONIO ALZATE 2016"},"content":{"rendered":"<p>&nbsp;<\/p>\n<div class=\"page\" title=\"Page 1\">\n<div class=\"layoutArea\">\n<div class=\"column\">\n<h3><a href=\"http:\/\/amc.edu.mx\/amc\/index.php?option=com_content&amp;view=article&amp;id=559&amp;Itemid=60\">Stefan Rinke, ganador del\u00a0Premio de Investigaci\u00f3n \u201cJos\u00e9 Antonio Alzate\u201d<\/a><\/h3>\n<h4>\u00a0<img loading=\"lazy\" decoding=\"async\" class=\"alignnone size-medium wp-image-77\" src=\"http:\/\/amc.mx\/alemania-mexico\/wp-content\/uploads\/2016\/10\/ALZATE-WEB-02-300x108.png\" alt=\"ALZATE-WEB-02\" width=\"300\" height=\"108\" srcset=\"https:\/\/amc.mx\/alemania-mexico\/wp-content\/uploads\/2016\/10\/ALZATE-WEB-02-300x108.png 300w, https:\/\/amc.mx\/alemania-mexico\/wp-content\/uploads\/2016\/10\/ALZATE-WEB-02.png 500w\" sizes=\"(max-width: 300px) 100vw, 300px\" \/><\/h4>\n<p><a href=\"http:\/\/amc.edu.mx\/amc\/index.php?option=com_content&amp;view=article&amp;id=506&amp;catid=39&amp;Itemid=80\" target=\"_blank\" rel=\"alternate\">PREMIO ANUAL DE INVESTIGACI\u00d3N JOS\u00c9 ANTONIO ALZATE 2016<\/a><\/p>\n<div class=\"page\" title=\"Page 1\">\n<div class=\"layoutArea\">\n<div class=\"column\">\n<p><a href=\"http:\/\/amc.edu.mx\/amc\/index.php?option=com_content&amp;view=article&amp;id=509&amp;catid=39&amp;Itemid=80\" target=\"_blank\" rel=\"alternate\">J\u00c4HRLICHEN FORSCHUNGSPREIS JOS\u00c9 ANTONIO ALZATE 2016<\/a><\/p>\n<\/div>\n<\/div>\n<\/div>\n<\/div>\n<\/div>\n<\/div>\n","protected":false},"excerpt":{"rendered":"<p>&nbsp; Stefan Rinke, ganador del\u00a0Premio de Investigaci\u00f3n \u201cJos\u00e9 Antonio Alzate\u201d \u00a0 PREMIO ANUAL DE INVESTIGACI\u00d3N JOS\u00c9 ANTONIO ALZATE 2016 J\u00c4HRLICHEN FORSCHUNGSPREIS JOS\u00c9 ANTONIO ALZATE 2016<\/p>\n","protected":false},"author":1,"featured_media":0,"parent":0,"menu_order":0,"comment_status":"closed","ping_status":"closed","template":"","meta":{"footnotes":""},"_links":{"self":[{"href":"https:\/\/amc.mx\/alemania-mexico\/wp-json\/wp\/v2\/pages\/66"}],"collection":[{"href":"https:\/\/amc.mx\/alemania-mexico\/wp-json\/wp\/v2\/pages"}],"about":[{"href":"https:\/\/amc.mx\/alemania-mexico\/wp-json\/wp\/v2\/types\/page"}],"author":[{"embeddable":true,"href":"https:\/\/amc.mx\/alemania-mexico\/wp-json\/wp\/v2\/users\/1"}],"replies":[{"embeddable":true,"href":"https:\/\/amc.mx\/alemania-mexico\/wp-json\/wp\/v2\/comments?post=66"}],"version-history":[{"count":3,"href":"https:\/\/amc.mx\/alemania-mexico\/wp-json\/wp\/v2\/pages\/66\/revisions"}],"predecessor-version":[{"id":78,"href":"https:\/\/amc.mx\/alemania-mexico\/wp-json\/wp\/v2\/pages\/66\/revisions\/78"}],"wp:attachment":[{"href":"https:\/\/amc.mx\/alemania-mexico\/wp-json\/wp\/v2\/media?parent=66"}],"curies":[{"name":"wp","href":"https:\/\/api.w.org\/{rel}","templated":true}]}}