{"id":43,"date":"2016-09-28T18:12:35","date_gmt":"2016-09-28T18:12:35","guid":{"rendered":"http:\/\/amc.mx\/alemania-mexico\/?page_id=43"},"modified":"2016-09-28T18:33:02","modified_gmt":"2016-09-28T18:33:02","slug":"ligas","status":"publish","type":"page","link":"https:\/\/amc.mx\/alemania-mexico\/ligas\/","title":{"rendered":"Ligas"},"content":{"rendered":"<ul>\n<li><a href=\"http:\/\/www.alemania-mexico.com\/\" target=\"_blank\">A\u00f1o Dual M\u00e9xico Alemania<\/a><\/li>\n<li><a href=\"http:\/\/dualyear.mx\/\" target=\"_blank\">A\u00f1o Dual | M\u00e9xico &#8211; Alemania 2016<\/a><\/li>\n<li><a href=\"http:\/\/www.goethe.de\/ins\/mx\/es\/lp.html\" target=\"_blank\">Goethe-Institut Mexiko<\/a><\/li>\n<li><a href=\"https:\/\/www.gob.mx\/mexico-alemania\" target=\"_blank\">Gobierno de M\u00e9xico<\/a><\/li>\n<li><a href=\"http:\/\/www.gob.mx\/sre\" target=\"_blank\">Secretar\u00eda de Relaciones Exteriores de M\u00e9xico<\/a><\/li>\n<li><a href=\"https:\/\/embamex2.sre.gob.mx\/alemania\/index.php\/es\/\" target=\"_blank\">Embajada de M\u00e9xico en Alemania<\/a><\/li>\n<li><a href=\"https:\/\/www.bundesregierung.de\" target=\"_blank\">Gobierno \u00a0de Alemania<\/a><\/li>\n<li><a href=\"http:\/\/www.mexiko.diplo.de\/\" target=\"_blank\">Embajada de Alemania en\u00a0M\u00e9xico<\/a><\/li>\n<li><a href=\"https:\/\/www.daad.mx\/es\/\" target=\"_blank\">Oficina Regional del Servicio Alem\u00e1n de Intercambio Acad\u00e9mico (DAAD)<\/a><\/li>\n<\/ul>\n<p>&nbsp;<\/p>\n","protected":false},"excerpt":{"rendered":"<p>A\u00f1o Dual M\u00e9xico Alemania A\u00f1o Dual | M\u00e9xico &#8211; Alemania 2016 Goethe-Institut Mexiko Gobierno de M\u00e9xico Secretar\u00eda de Relaciones Exteriores de M\u00e9xico Embajada de M\u00e9xico en Alemania Gobierno \u00a0de Alemania Embajada de Alemania en\u00a0M\u00e9xico Oficina Regional del Servicio Alem\u00e1n de Intercambio Acad\u00e9mico (DAAD) &nbsp;<\/p>\n","protected":false},"author":1,"featured_media":0,"parent":0,"menu_order":0,"comment_status":"closed","ping_status":"closed","template":"","meta":{"footnotes":""},"_links":{"self":[{"href":"https:\/\/amc.mx\/alemania-mexico\/wp-json\/wp\/v2\/pages\/43"}],"collection":[{"href":"https:\/\/amc.mx\/alemania-mexico\/wp-json\/wp\/v2\/pages"}],"about":[{"href":"https:\/\/amc.mx\/alemania-mexico\/wp-json\/wp\/v2\/types\/page"}],"author":[{"embeddable":true,"href":"https:\/\/amc.mx\/alemania-mexico\/wp-json\/wp\/v2\/users\/1"}],"replies":[{"embeddable":true,"href":"https:\/\/amc.mx\/alemania-mexico\/wp-json\/wp\/v2\/comments?post=43"}],"version-history":[{"count":6,"href":"https:\/\/amc.mx\/alemania-mexico\/wp-json\/wp\/v2\/pages\/43\/revisions"}],"predecessor-version":[{"id":50,"href":"https:\/\/amc.mx\/alemania-mexico\/wp-json\/wp\/v2\/pages\/43\/revisions\/50"}],"wp:attachment":[{"href":"https:\/\/amc.mx\/alemania-mexico\/wp-json\/wp\/v2\/media?parent=43"}],"curies":[{"name":"wp","href":"https:\/\/api.w.org\/{rel}","templated":true}]}}