{"id":2,"date":"2016-09-28T15:10:27","date_gmt":"2016-09-28T15:10:27","guid":{"rendered":"http:\/\/amc.mx\/alemania-mexico\/?page_id=2"},"modified":"2016-09-28T17:30:34","modified_gmt":"2016-09-28T17:30:34","slug":"pagina-ejemplo","status":"publish","type":"page","link":"https:\/\/amc.mx\/alemania-mexico\/pagina-ejemplo\/","title":{"rendered":"A\u00f1o Dual M\u00e9xico Alemania"},"content":{"rendered":"<p>El A\u00f1o Dual es una iniciativa que promover\u00e1 un mejor entendimiento entre M\u00e9xico y Alemania mediante actividades art\u00edsticas, cient\u00edficas y gastron\u00f3micas, entre otras, con miras a lograr un mayor acercamiento.<\/p>\n<p>Esto dar\u00e1 mayor visibilidad a nuestro pa\u00eds en materia cultural, acad\u00e9mica y cient\u00edfica, y permitir\u00e1 que ambas sociedades se conozcan y aprecien a\u00fan m\u00e1s.<\/p>\n<p>Actualmente Alemania es el primer socio comercial de M\u00e9xico entre los pa\u00edses de la Uni\u00f3n Europea y el 5\u00ba a nivel mundial.<\/p>\n","protected":false},"excerpt":{"rendered":"<p>El A\u00f1o Dual es una iniciativa que promover\u00e1 un mejor entendimiento entre M\u00e9xico y Alemania mediante actividades art\u00edsticas, cient\u00edficas y gastron\u00f3micas, entre otras, con miras a lograr un mayor acercamiento. Esto dar\u00e1 mayor visibilidad a nuestro pa\u00eds en materia cultural, acad\u00e9mica y cient\u00edfica, y permitir\u00e1 que ambas sociedades se conozcan y aprecien a\u00fan m\u00e1s. Actualmente&hellip;<a href=\"https:\/\/amc.mx\/alemania-mexico\/pagina-ejemplo\/\" class=\"more-link\">Contin\u00faa leyendo <span class=\"screen-reader-text\">A\u00f1o Dual M\u00e9xico Alemania<\/span><\/a><\/p>\n","protected":false},"author":1,"featured_media":0,"parent":0,"menu_order":0,"comment_status":"closed","ping_status":"open","template":"","meta":{"footnotes":""},"_links":{"self":[{"href":"https:\/\/amc.mx\/alemania-mexico\/wp-json\/wp\/v2\/pages\/2"}],"collection":[{"href":"https:\/\/amc.mx\/alemania-mexico\/wp-json\/wp\/v2\/pages"}],"about":[{"href":"https:\/\/amc.mx\/alemania-mexico\/wp-json\/wp\/v2\/types\/page"}],"author":[{"embeddable":true,"href":"https:\/\/amc.mx\/alemania-mexico\/wp-json\/wp\/v2\/users\/1"}],"replies":[{"embeddable":true,"href":"https:\/\/amc.mx\/alemania-mexico\/wp-json\/wp\/v2\/comments?post=2"}],"version-history":[{"count":1,"href":"https:\/\/amc.mx\/alemania-mexico\/wp-json\/wp\/v2\/pages\/2\/revisions"}],"predecessor-version":[{"id":35,"href":"https:\/\/amc.mx\/alemania-mexico\/wp-json\/wp\/v2\/pages\/2\/revisions\/35"}],"wp:attachment":[{"href":"https:\/\/amc.mx\/alemania-mexico\/wp-json\/wp\/v2\/media?parent=2"}],"curies":[{"name":"wp","href":"https:\/\/api.w.org\/{rel}","templated":true}]}}